{"id":22,"date":"2020-07-08T09:20:25","date_gmt":"2020-07-08T09:20:25","guid":{"rendered":"https:\/\/rv-geiger.at\/?page_id=22"},"modified":"2020-07-09T08:11:35","modified_gmt":"2020-07-09T08:11:35","slug":"der-verein","status":"publish","type":"page","link":"https:\/\/rv-geiger.at\/?page_id=22","title":{"rendered":"Der Verein"},"content":{"rendered":"\n<p>Der Reitverein Geiger wurde 1961 gegr\u00fcndet und ist damit einer der \u00e4ltesten Reitvereine in der Umgebung von Amstetten.<\/p>\n\n\n\n<p>Im Jahr 1973 \u00fcbersiedelte der Verein nach Allersdorf. Seither wurde die Anlage st\u00e4ndig ausgebaut und erweitert<\/p>\n\n\n\n<figure class=\"wp-block-image size-large\"><img loading=\"lazy\" decoding=\"async\" width=\"1024\" height=\"239\" src=\"https:\/\/rv-geiger.at\/wp-content\/uploads\/Verein\/cropped-eingang2-1024x239.jpg\" alt=\"\" class=\"wp-image-776\" srcset=\"https:\/\/rv-geiger.at\/wp-content\/uploads\/Verein\/cropped-eingang2-1024x239.jpg 1024w, https:\/\/rv-geiger.at\/wp-content\/uploads\/Verein\/cropped-eingang2-300x70.jpg 300w, https:\/\/rv-geiger.at\/wp-content\/uploads\/Verein\/cropped-eingang2-768x179.jpg 768w, https:\/\/rv-geiger.at\/wp-content\/uploads\/Verein\/cropped-eingang2.jpg 1200w\" sizes=\"auto, (max-width: 1024px) 100vw, 1024px\" \/><\/figure>\n\n\n\n<p>Heute bietet die Anlage alles was ein Reiterherz begehrt \u2013 sowohl Dressur-, Spring- als auch Freizeitreiter f\u00fchlen sich hier wohl.<\/p>\n\n\n\n<figure class=\"wp-block-image size-large\"><img loading=\"lazy\" decoding=\"async\" width=\"1024\" height=\"414\" src=\"https:\/\/rv-geiger.at\/wp-content\/uploads\/Verein\/Anlage-Flugaufnahme-1024x414.jpg\" alt=\"\" class=\"wp-image-777\" srcset=\"https:\/\/rv-geiger.at\/wp-content\/uploads\/Verein\/Anlage-Flugaufnahme-1024x414.jpg 1024w, https:\/\/rv-geiger.at\/wp-content\/uploads\/Verein\/Anlage-Flugaufnahme-300x121.jpg 300w, https:\/\/rv-geiger.at\/wp-content\/uploads\/Verein\/Anlage-Flugaufnahme-768x311.jpg 768w, https:\/\/rv-geiger.at\/wp-content\/uploads\/Verein\/Anlage-Flugaufnahme-1536x621.jpg 1536w, https:\/\/rv-geiger.at\/wp-content\/uploads\/Verein\/Anlage-Flugaufnahme.jpg 1597w\" sizes=\"auto, (max-width: 1024px) 100vw, 1024px\" \/><\/figure>\n","protected":false},"excerpt":{"rendered":"<p>Der Reitverein Geiger wurde 1961 gegr\u00fcndet und ist damit einer der \u00e4ltesten Reitvereine in der Umgebung von Amstetten. Im Jahr 1973 \u00fcbersiedelte der Verein nach Allersdorf. Seither wurde die Anlage st\u00e4ndig ausgebaut und erweitert Heute bietet die Anlage alles was ein Reiterherz begehrt \u2013 sowohl Dressur-, Spring- als auch Freizeitreiter f\u00fchlen sich hier wohl.<\/p>\n","protected":false},"author":1,"featured_media":0,"parent":0,"menu_order":0,"comment_status":"closed","ping_status":"closed","template":"","meta":{"footnotes":""},"class_list":["post-22","page","type-page","status-publish","hentry"],"_links":{"self":[{"href":"https:\/\/rv-geiger.at\/index.php?rest_route=\/wp\/v2\/pages\/22","targetHints":{"allow":["GET"]}}],"collection":[{"href":"https:\/\/rv-geiger.at\/index.php?rest_route=\/wp\/v2\/pages"}],"about":[{"href":"https:\/\/rv-geiger.at\/index.php?rest_route=\/wp\/v2\/types\/page"}],"author":[{"embeddable":true,"href":"https:\/\/rv-geiger.at\/index.php?rest_route=\/wp\/v2\/users\/1"}],"replies":[{"embeddable":true,"href":"https:\/\/rv-geiger.at\/index.php?rest_route=%2Fwp%2Fv2%2Fcomments&post=22"}],"version-history":[{"count":2,"href":"https:\/\/rv-geiger.at\/index.php?rest_route=\/wp\/v2\/pages\/22\/revisions"}],"predecessor-version":[{"id":778,"href":"https:\/\/rv-geiger.at\/index.php?rest_route=\/wp\/v2\/pages\/22\/revisions\/778"}],"wp:attachment":[{"href":"https:\/\/rv-geiger.at\/index.php?rest_route=%2Fwp%2Fv2%2Fmedia&parent=22"}],"curies":[{"name":"wp","href":"https:\/\/api.w.org\/{rel}","templated":true}]}}