{"id":28,"date":"2020-07-08T09:21:42","date_gmt":"2020-07-08T09:21:42","guid":{"rendered":"https:\/\/rv-geiger.at\/?page_id=28"},"modified":"2022-07-14T10:43:20","modified_gmt":"2022-07-14T08:43:20","slug":"unsere-anlage","status":"publish","type":"page","link":"https:\/\/rv-geiger.at\/?page_id=28","title":{"rendered":"Unsere Anlage"},"content":{"rendered":"\n<p>Seit 1974 ist der Reitverein hier in Allersdorf beheimatet um der Amstettner Bev\u00f6lkerung eine gro\u00dfz\u00fcgig dimensionierte Anlage bieten zu k\u00f6nnen.<\/p>\n\n\n\n<p>Die Reitanlage verf\u00fcgt \u00fcber alles was sich Pferd und Reiter w\u00fcnschen k\u00f6nnen:<\/p>\n\n\n\n<ul class=\"wp-block-list\"><li>Reithalle 60x20m<\/li><li>Longierhalle 20x20m<\/li><li>\u00dcberdachte Schrittmaschine<\/li><li>Dressurviereck 60x20m<\/li><li>Springplatz 100x80m<\/li><li>Innen- und Aussenboxen<\/li><li>Sattelkammer, Putzpl\u00e4tze, Solarium, Waschplatz<\/li><li>Gem\u00fctliches Reiterst\u00fcberl, Garderoben, Sanit\u00e4ranlagen<\/li><li>Mietbare Koppeln<\/li><li>Lagerraum f\u00fcr Futter, Parkpl\u00e4tze, Stellpl\u00e4tze f\u00fcr Pferdeanh\u00e4nger<\/li><\/ul>\n\n\n\n<h4 class=\"wp-block-heading\">Halle<\/h4>\n\n\n\n<figure class=\"wp-block-image size-large\"><img loading=\"lazy\" decoding=\"async\" width=\"1024\" height=\"683\" src=\"https:\/\/rv-geiger.at\/wp-content\/uploads\/Verein\/Anlage\/20210807Halle-1024x683.jpg\" alt=\"\" class=\"wp-image-1256\" srcset=\"https:\/\/rv-geiger.at\/wp-content\/uploads\/Verein\/Anlage\/20210807Halle-1024x683.jpg 1024w, https:\/\/rv-geiger.at\/wp-content\/uploads\/Verein\/Anlage\/20210807Halle-300x200.jpg 300w, https:\/\/rv-geiger.at\/wp-content\/uploads\/Verein\/Anlage\/20210807Halle-768x512.jpg 768w, https:\/\/rv-geiger.at\/wp-content\/uploads\/Verein\/Anlage\/20210807Halle.jpg 1368w\" sizes=\"auto, (max-width: 1024px) 100vw, 1024px\" \/><\/figure>\n\n\n\n<figure class=\"wp-block-image size-large\"><img loading=\"lazy\" decoding=\"async\" width=\"600\" height=\"399\" src=\"https:\/\/rv-geiger.at\/wp-content\/uploads\/Verein\/Anlage\/reithalle3.jpg\" alt=\"\" class=\"wp-image-821\" srcset=\"https:\/\/rv-geiger.at\/wp-content\/uploads\/Verein\/Anlage\/reithalle3.jpg 600w, https:\/\/rv-geiger.at\/wp-content\/uploads\/Verein\/Anlage\/reithalle3-300x200.jpg 300w\" sizes=\"auto, (max-width: 600px) 100vw, 600px\" \/><\/figure>\n\n\n\n<h4 class=\"wp-block-heading\">Innenboxen<\/h4>\n\n\n\n<figure class=\"wp-block-image size-large\"><img loading=\"lazy\" decoding=\"async\" width=\"600\" height=\"399\" src=\"https:\/\/rv-geiger.at\/wp-content\/uploads\/Verein\/Anlage\/innenboxen1.jpg\" alt=\"\" class=\"wp-image-816\" srcset=\"https:\/\/rv-geiger.at\/wp-content\/uploads\/Verein\/Anlage\/innenboxen1.jpg 600w, https:\/\/rv-geiger.at\/wp-content\/uploads\/Verein\/Anlage\/innenboxen1-300x200.jpg 300w\" sizes=\"auto, (max-width: 600px) 100vw, 600px\" \/><\/figure>\n\n\n\n<figure class=\"wp-block-image size-large\"><img loading=\"lazy\" decoding=\"async\" width=\"600\" height=\"399\" src=\"https:\/\/rv-geiger.at\/wp-content\/uploads\/Verein\/Anlage\/innenboxen2.jpg\" alt=\"\" class=\"wp-image-817\" srcset=\"https:\/\/rv-geiger.at\/wp-content\/uploads\/Verein\/Anlage\/innenboxen2.jpg 600w, https:\/\/rv-geiger.at\/wp-content\/uploads\/Verein\/Anlage\/innenboxen2-300x200.jpg 300w\" sizes=\"auto, (max-width: 600px) 100vw, 600px\" \/><\/figure>\n\n\n\n<h4 class=\"wp-block-heading\">Aussenboxen<\/h4>\n\n\n\n<figure class=\"wp-block-image size-large\"><img decoding=\"async\" src=\"https:\/\/rv-geiger.at\/wp-content\/uploads\/Verein\/Anlage\/20211024_Boxen_01.jpg\" alt=\"\"\/><\/figure>\n\n\n\n<figure class=\"wp-block-image size-large\"><img decoding=\"async\" src=\"https:\/\/rv-geiger.at\/wp-content\/uploads\/Verein\/Anlage\/20211024_Boxen_02.jpg\" alt=\"\"\/><\/figure>\n\n\n\n<h4 class=\"wp-block-heading\">\u00fcberdachte Schrittmaschine<\/h4>\n\n\n\n<figure class=\"wp-block-image size-large\"><img decoding=\"async\" src=\"https:\/\/rv-geiger.at\/wp-content\/uploads\/Verein\/Anlage\/20220703_Schrittmaschine_01.jpg\" alt=\"\"\/><\/figure>\n\n\n\n<figure class=\"wp-block-image size-large\"><img decoding=\"async\" src=\"https:\/\/rv-geiger.at\/wp-content\/uploads\/Verein\/Anlage\/20211024_Schrittmaschine.jpg\" alt=\"\"\/><\/figure>\n\n\n\n<h4 class=\"wp-block-heading\">Dressurviereck<\/h4>\n\n\n\n<figure class=\"wp-block-image size-large\"><img loading=\"lazy\" decoding=\"async\" width=\"600\" height=\"380\" src=\"https:\/\/rv-geiger.at\/wp-content\/uploads\/Verein\/Anlage\/viereck20_60_02-2.jpg\" alt=\"\" class=\"wp-image-824\" srcset=\"https:\/\/rv-geiger.at\/wp-content\/uploads\/Verein\/Anlage\/viereck20_60_02-2.jpg 600w, https:\/\/rv-geiger.at\/wp-content\/uploads\/Verein\/Anlage\/viereck20_60_02-2-300x190.jpg 300w\" sizes=\"auto, (max-width: 600px) 100vw, 600px\" \/><\/figure>\n\n\n\n<h4 class=\"wp-block-heading\">Springplatz<\/h4>\n\n\n\n<figure class=\"wp-block-image size-large\"><img decoding=\"async\" src=\"https:\/\/rv-geiger.at\/wp-content\/uploads\/Verein\/Anlage\/20220703_Turnierplatz_02.jpg\" alt=\"\"\/><\/figure>\n\n\n\n<h4 class=\"wp-block-heading\">Koppeln<\/h4>\n\n\n\n<figure class=\"wp-block-image size-large\"><img loading=\"lazy\" decoding=\"async\" width=\"600\" height=\"306\" src=\"https:\/\/rv-geiger.at\/wp-content\/uploads\/Verein\/Anlage\/koppel2.jpg\" alt=\"\" class=\"wp-image-823\" srcset=\"https:\/\/rv-geiger.at\/wp-content\/uploads\/Verein\/Anlage\/koppel2.jpg 600w, https:\/\/rv-geiger.at\/wp-content\/uploads\/Verein\/Anlage\/koppel2-300x153.jpg 300w\" sizes=\"auto, (max-width: 600px) 100vw, 600px\" \/><\/figure>\n\n\n\n<figure class=\"wp-block-image size-large\"><img loading=\"lazy\" decoding=\"async\" width=\"600\" height=\"302\" src=\"https:\/\/rv-geiger.at\/wp-content\/uploads\/Verein\/Anlage\/koppel4.jpg\" alt=\"\" class=\"wp-image-818\" srcset=\"https:\/\/rv-geiger.at\/wp-content\/uploads\/Verein\/Anlage\/koppel4.jpg 600w, https:\/\/rv-geiger.at\/wp-content\/uploads\/Verein\/Anlage\/koppel4-300x151.jpg 300w\" sizes=\"auto, (max-width: 600px) 100vw, 600px\" \/><\/figure>\n","protected":false},"excerpt":{"rendered":"<p>Seit 1974 ist der Reitverein hier in Allersdorf beheimatet um der Amstettner Bev\u00f6lkerung eine gro\u00dfz\u00fcgig dimensionierte Anlage bieten zu k\u00f6nnen. Die Reitanlage verf\u00fcgt \u00fcber alles was sich Pferd und Reiter w\u00fcnschen k\u00f6nnen: Reithalle 60x20m Longierhalle 20x20m \u00dcberdachte Schrittmaschine Dressurviereck 60x20m Springplatz 100x80m Innen- und Aussenboxen Sattelkammer, Putzpl\u00e4tze, Solarium, Waschplatz Gem\u00fctliches Reiterst\u00fcberl, Garderoben, Sanit\u00e4ranlagen Mietbare Koppeln [&hellip;]<\/p>\n","protected":false},"author":1,"featured_media":0,"parent":0,"menu_order":0,"comment_status":"closed","ping_status":"closed","template":"","meta":{"footnotes":""},"class_list":["post-28","page","type-page","status-publish","hentry"],"_links":{"self":[{"href":"https:\/\/rv-geiger.at\/index.php?rest_route=\/wp\/v2\/pages\/28","targetHints":{"allow":["GET"]}}],"collection":[{"href":"https:\/\/rv-geiger.at\/index.php?rest_route=\/wp\/v2\/pages"}],"about":[{"href":"https:\/\/rv-geiger.at\/index.php?rest_route=\/wp\/v2\/types\/page"}],"author":[{"embeddable":true,"href":"https:\/\/rv-geiger.at\/index.php?rest_route=\/wp\/v2\/users\/1"}],"replies":[{"embeddable":true,"href":"https:\/\/rv-geiger.at\/index.php?rest_route=%2Fwp%2Fv2%2Fcomments&post=28"}],"version-history":[{"count":11,"href":"https:\/\/rv-geiger.at\/index.php?rest_route=\/wp\/v2\/pages\/28\/revisions"}],"predecessor-version":[{"id":1360,"href":"https:\/\/rv-geiger.at\/index.php?rest_route=\/wp\/v2\/pages\/28\/revisions\/1360"}],"wp:attachment":[{"href":"https:\/\/rv-geiger.at\/index.php?rest_route=%2Fwp%2Fv2%2Fmedia&parent=28"}],"curies":[{"name":"wp","href":"https:\/\/api.w.org\/{rel}","templated":true}]}}