{"id":32,"date":"2020-07-08T09:22:33","date_gmt":"2020-07-08T09:22:33","guid":{"rendered":"https:\/\/rv-geiger.at\/?page_id=32"},"modified":"2020-07-09T08:44:16","modified_gmt":"2020-07-09T08:44:16","slug":"angebote","status":"publish","type":"page","link":"https:\/\/rv-geiger.at\/?page_id=32","title":{"rendered":"Angebote"},"content":{"rendered":"\n<p>Der Verein sieht seine Hauptaufgabe in der gezielten Spring- und Dressurausbildung, in der F\u00f6rderung der jungen Reiter, sowie in der Organisation sportlicher Veranstaltungen.&nbsp;&nbsp;Zu den H\u00f6hepunkten im&nbsp;Vereinsgeschehen geh\u00f6ren jedes Jahr&nbsp;die Ausrichtung von nationalen Spring- und Dressurturnieren, Reiterpass-, Reiternadel- und Lizenzpr\u00fcfungen.<\/p>\n\n\n\n<p>F\u00fcr Anf\u00e4nger und Fortgeschrittene wird <a href=\"file:\/\/\/D:\/Backup\/Web_rv-geiger\/rv-geiger\/www.rv-geiger.at\/index.php\/reitschulbetrieb\/index.html\">Reitunterricht<\/a> angeboten. Unsere Schulpferde, vom Pony bis zum Gro\u00dfpferd, stehen f\u00fcr Longe, Gruppen- oder Einzelstunden zur Verf\u00fcgung. Unsere gepr\u00fcften ReitlehrerInnen begleiten die Reitsch\u00fcler ab der ersten Stunde an der Longe \u00fcber Reiterpass und Reiternadel bis zur Lizenzpr\u00fcfung. Die j\u00fcngsten und jung gebliebenen Pferdenarren erlernen hier nicht nur das Reiten sondern auch die Pflege und den richtigen Umgang mit dem Lebewesen Pferd. In den Sommerferien werden f\u00fcr Kinder Reitwochen angeboten. F\u00fcr besonders engagierte Reiter besteht die M\u00f6glichkeit Vereinspferde zu mieten.<\/p>\n\n\n\n<p>Privaten Einstellern steht die Benutzung aller Anlagen zur Verf\u00fcgung. Unsere Pferdepfleger sorgen f\u00fcr das Wohl aller eingestellen Pferde. Die Pflege umfasst dreimaliges Einf\u00fcttern nach Vorgabe des Einstellers und das Ausmisten der Box. Ausserdem werden die Pferde nach Wunsch in die Schrittmaschine oder auf die Koppel gef\u00fchrt, damit sie \u2013 auch wenn der Besitzer mal keine Zeit hat \u2013 nicht den ganzen Tag in ihrer Box zubringen m\u00fcssen. Auch Ihr pers\u00f6nlicher Privattrainer ist bei uns herzlich willkommen.<\/p>\n","protected":false},"excerpt":{"rendered":"<p>Der Verein sieht seine Hauptaufgabe in der gezielten Spring- und Dressurausbildung, in der F\u00f6rderung der jungen Reiter, sowie in der Organisation sportlicher Veranstaltungen.&nbsp;&nbsp;Zu den H\u00f6hepunkten im&nbsp;Vereinsgeschehen geh\u00f6ren jedes Jahr&nbsp;die Ausrichtung von nationalen Spring- und Dressurturnieren, Reiterpass-, Reiternadel- und Lizenzpr\u00fcfungen. F\u00fcr Anf\u00e4nger und Fortgeschrittene wird Reitunterricht angeboten. Unsere Schulpferde, vom Pony bis zum Gro\u00dfpferd, stehen f\u00fcr [&hellip;]<\/p>\n","protected":false},"author":1,"featured_media":0,"parent":0,"menu_order":0,"comment_status":"closed","ping_status":"closed","template":"","meta":{"footnotes":""},"class_list":["post-32","page","type-page","status-publish","hentry"],"_links":{"self":[{"href":"https:\/\/rv-geiger.at\/index.php?rest_route=\/wp\/v2\/pages\/32","targetHints":{"allow":["GET"]}}],"collection":[{"href":"https:\/\/rv-geiger.at\/index.php?rest_route=\/wp\/v2\/pages"}],"about":[{"href":"https:\/\/rv-geiger.at\/index.php?rest_route=\/wp\/v2\/types\/page"}],"author":[{"embeddable":true,"href":"https:\/\/rv-geiger.at\/index.php?rest_route=\/wp\/v2\/users\/1"}],"replies":[{"embeddable":true,"href":"https:\/\/rv-geiger.at\/index.php?rest_route=%2Fwp%2Fv2%2Fcomments&post=32"}],"version-history":[{"count":2,"href":"https:\/\/rv-geiger.at\/index.php?rest_route=\/wp\/v2\/pages\/32\/revisions"}],"predecessor-version":[{"id":786,"href":"https:\/\/rv-geiger.at\/index.php?rest_route=\/wp\/v2\/pages\/32\/revisions\/786"}],"wp:attachment":[{"href":"https:\/\/rv-geiger.at\/index.php?rest_route=%2Fwp%2Fv2%2Fmedia&parent=32"}],"curies":[{"name":"wp","href":"https:\/\/api.w.org\/{rel}","templated":true}]}}