{"id":38,"date":"2020-07-08T09:24:00","date_gmt":"2020-07-08T09:24:00","guid":{"rendered":"https:\/\/rv-geiger.at\/?page_id=38"},"modified":"2020-07-14T13:56:19","modified_gmt":"2020-07-14T13:56:19","slug":"veranstaltungen","status":"publish","type":"page","link":"https:\/\/rv-geiger.at\/?page_id=38","title":{"rendered":"Veranstaltungen"},"content":{"rendered":"<ul class=\"wp-block-latest-posts__list wp-block-latest-posts\"><li><a class=\"wp-block-latest-posts__post-title\" href=\"https:\/\/rv-geiger.at\/?p=1484\">Mostviertel Cup 2025<\/a><div class=\"wp-block-latest-posts__post-excerpt\"><\/div><\/li>\n<li><a class=\"wp-block-latest-posts__post-title\" href=\"https:\/\/rv-geiger.at\/?p=1480\">Springturnier CSN-C<\/a><div class=\"wp-block-latest-posts__post-excerpt\"><\/div><\/li>\n<li><a class=\"wp-block-latest-posts__post-title\" href=\"https:\/\/rv-geiger.at\/?p=1476\">Anlagenben\u00fctzung<\/a><div class=\"wp-block-latest-posts__post-excerpt\"><\/div><\/li>\n<li><a class=\"wp-block-latest-posts__post-title\" href=\"https:\/\/rv-geiger.at\/?p=1468\">Sommerreitwoche<\/a><div class=\"wp-block-latest-posts__post-excerpt\"><\/div><\/li>\n<li><a class=\"wp-block-latest-posts__post-title\" href=\"https:\/\/rv-geiger.at\/?p=1465\">Sonderpr\u00fcfungen<\/a><div class=\"wp-block-latest-posts__post-excerpt\"><\/div><\/li>\n<li><a class=\"wp-block-latest-posts__post-title\" href=\"https:\/\/rv-geiger.at\/?p=1435\">CDN-B*<\/a><div class=\"wp-block-latest-posts__post-excerpt\">Dressurturnier07. und 08. Juni 2025<\/div><\/li>\n<li><a class=\"wp-block-latest-posts__post-title\" href=\"https:\/\/rv-geiger.at\/?p=1433\">CSN-C<\/a><div class=\"wp-block-latest-posts__post-excerpt\">Springturnier17. und 18. Mai 2025<\/div><\/li>\n<li><a class=\"wp-block-latest-posts__post-title\" href=\"https:\/\/rv-geiger.at\/?p=1402\">CDN-B* CDNH-B* Amstetten<\/a><div class=\"wp-block-latest-posts__post-excerpt\">Dressurturnier22.06.2024 &#8211; 23.06.2024<\/div><\/li>\n<li><a class=\"wp-block-latest-posts__post-title\" href=\"https:\/\/rv-geiger.at\/?p=1400\">CSN-C CSNH-C CSNP-C Amstetten<\/a><div class=\"wp-block-latest-posts__post-excerpt\">Springturnier27.04.2024 &#8211; 28.04.2024<\/div><\/li>\n<li><a class=\"wp-block-latest-posts__post-title\" href=\"https:\/\/rv-geiger.at\/?p=1379\">CDN-B*<\/a><div class=\"wp-block-latest-posts__post-excerpt\">Dressurturnier22.07.2023 &#8211; 23.07.2023<\/div><\/li>\n<li><a class=\"wp-block-latest-posts__post-title\" href=\"https:\/\/rv-geiger.at\/?p=1377\">CSN-B*<\/a><div class=\"wp-block-latest-posts__post-excerpt\">Springturnier01.07.2023 &#8211; 02.07.2023<\/div><\/li>\n<li><a class=\"wp-block-latest-posts__post-title\" href=\"https:\/\/rv-geiger.at\/?p=1375\">CSN-C CSNH-C<\/a><div class=\"wp-block-latest-posts__post-excerpt\">Springturnier Haflinger Challenge 202322.04.2023 &#8211; 23.04.2023 Reglement Stilspringcup:<\/div><\/li>\n<li><a class=\"wp-block-latest-posts__post-title\" href=\"https:\/\/rv-geiger.at\/?p=1335\">Sonderpr\u00fcfungen<\/a><div class=\"wp-block-latest-posts__post-excerpt\">Sonntag, 24. Juli 2022 um 9 Uhr<\/div><\/li>\n<li><a class=\"wp-block-latest-posts__post-title\" href=\"https:\/\/rv-geiger.at\/?p=1332\">Familienfest 15. August<\/a><div class=\"wp-block-latest-posts__post-excerpt\"><\/div><\/li>\n<li><a class=\"wp-block-latest-posts__post-title\" href=\"https:\/\/rv-geiger.at\/?p=1291\">Turniere 2022<\/a><div class=\"wp-block-latest-posts__post-excerpt\">Dressurturnier CDN-B* 25. und 26. Juni 2022 Springturnier CSN-B* 13. und 14. August 2022<\/div><\/li>\n<li><a class=\"wp-block-latest-posts__post-title\" href=\"https:\/\/rv-geiger.at\/?p=1308\">Spring-Kurs mit Sylvia Goiser<\/a><div class=\"wp-block-latest-posts__post-excerpt\">am 30.01.2022<\/div><\/li>\n<li><a class=\"wp-block-latest-posts__post-title\" href=\"https:\/\/rv-geiger.at\/?p=1293\">Friedenslicht 2021<\/a><div class=\"wp-block-latest-posts__post-excerpt\"><\/div><\/li>\n<li><a class=\"wp-block-latest-posts__post-title\" href=\"https:\/\/rv-geiger.at\/?p=1138\">Turniere 2021<\/a><div class=\"wp-block-latest-posts__post-excerpt\">CDN-B* CDNN-B* 12.06. &#8211; 13.06.2021Norikercupzu den Fotos CSN-C 03.07. &#8211; 04.07.2021N\u00d6 l\u00e4ndliches LM Springen. Haflinger\/Pony, Marstall Trophy, Amesbichler Pony Trophyzu den Fotos CSN-C 04.09. &#8211; 05.09.2021Bewerbung Cup<\/div><\/li>\n<li><a class=\"wp-block-latest-posts__post-title\" href=\"https:\/\/rv-geiger.at\/?p=1080\">Friedenslicht 2020<\/a><div class=\"wp-block-latest-posts__post-excerpt\">Ritt um das Friedenslicht am 24.12.2020 &#8230;Fotos<\/div><\/li>\n<li><a class=\"wp-block-latest-posts__post-title\" href=\"https:\/\/rv-geiger.at\/?p=834\">Veranstaltungen 2020<\/a><div class=\"wp-block-latest-posts__post-excerpt\">Im Jahr 2020 stehen im Reitverein Geiger folgende Veranstaltungen am Programm: unsere Turniere 25.+26. Juli 2020 CDN-B* Dressurturnier<\/div><\/li>\n<li><a class=\"wp-block-latest-posts__post-title\" href=\"https:\/\/rv-geiger.at\/?p=989\">Friedenslicht 2019<\/a><div class=\"wp-block-latest-posts__post-excerpt\">Ritt um das Friedenslicht 24.12.2019 Auch in diesem Jahr am 24.12. \u00fcberbrachten die ReiterInnen unseres Vereines das Friedenslicht von Bethlehem hoch zu Ro\u00df den Kindern des Hilde-Umdasch-Hauses sowie den drei Stadtpfarrkirchen. Vielen Dank an Sandra &amp; Heli Zeiner f\u00fcr die Fotos! &#8230; Fotos<\/div><\/li>\n<li><a class=\"wp-block-latest-posts__post-title\" href=\"https:\/\/rv-geiger.at\/?p=986\">Weihnachtsreiten 2019<\/a><div class=\"wp-block-latest-posts__post-excerpt\">Fotos vom Weihnachtsreiten 01. 12. 2019: Voller Stolz zeigten unsere SchulreiterInnen was sie im letzten Jahr so erlernt haben, ebenso die Voltigierer von Heidi und Christiane Blaschke. Auch eine Quadrille bestehend aus einer bunt gemischten Gruppe von PrivatreiterInnen bereicherte das knapp zweist\u00fcndige Programm. Zum Abschlu\u00df brachte der Nikolaus den Kindern noch kleine Pr\u00e4sente. Vielen Dank\u2026\u00a0<a class=\"wp-block-latest-posts__read-more\" href=\"https:\/\/rv-geiger.at\/?p=986\" rel=\"noopener noreferrer\"><span class=\"screen-reader-text\">Weihnachtsreiten 2019 <\/span>weiterlesen<\/a><\/div><\/li>\n<li><a class=\"wp-block-latest-posts__post-title\" href=\"https:\/\/rv-geiger.at\/?p=974\">Friedenslicht 2018<\/a><div class=\"wp-block-latest-posts__post-excerpt\">Friedenslicht-Ritt am 24. Dezember 2018 Regen &amp; Sturm lie\u00dfen uns noch am Vormittag des 24. Dezembers sorgenvoll zum Himmel blicken \u2013 doch wie durch ein kleines Wunder begleitete uns p\u00fcnklich zum Start des Friedenslicht-Rittes freundliches Winterwetter durch Amstetten. Unsere erste Station war, wie bereits im Jahr zuvor, das Hilde-Umdasch-Haus. Dort konnten wir neben dem Friedenslicht\u2026\u00a0<a class=\"wp-block-latest-posts__read-more\" href=\"https:\/\/rv-geiger.at\/?p=974\" rel=\"noopener noreferrer\"><span class=\"screen-reader-text\">Friedenslicht 2018 <\/span>weiterlesen<\/a><\/div><\/li>\n<li><a class=\"wp-block-latest-posts__post-title\" href=\"https:\/\/rv-geiger.at\/?p=957\">Pr\u00fcfungen 2018<\/a><div class=\"wp-block-latest-posts__post-excerpt\">Reiterpass\/Reiternadel-Pr\u00fcfung Am 14. Oktober 2018 fand auf unserer Reitanlage heuer die bereits zweite Pr\u00fcfung zu Reiterpass und Reiternadel statt. Insgesamt 11 TeilnehmerInnen wurden von den beiden Richtern Hr. Gr\u00fcner und Hr. Goiser in Dressur, Springen und auch zum theoretischen Wissen rund um Pferdekunde und Turnierwesen gepr\u00fcft. Es freut uns ganz besonders, dass alle ReiterInnen die\u2026\u00a0<a class=\"wp-block-latest-posts__read-more\" href=\"https:\/\/rv-geiger.at\/?p=957\" rel=\"noopener noreferrer\"><span class=\"screen-reader-text\">Pr\u00fcfungen 2018 <\/span>weiterlesen<\/a><\/div><\/li>\n<li><a class=\"wp-block-latest-posts__post-title\" href=\"https:\/\/rv-geiger.at\/?p=949\">Kindernachmittag 2018<\/a><div class=\"wp-block-latest-posts__post-excerpt\">Kindernachmittag der Stadtgemeinde Amstetten Auch heuer fand am 16. August 2018 im Rahmen des Ferienprogramms der Stadtgemeinde Amstetten und Volkshilfe ein Kindernachmittag im Reitverein Geiger statt. Es wurden die Pferde geputzt, gesattelt, geritten, bemalt und gewaschen! Die Zeit verging wie im Flug und zum Abschluss durfte ein leckeres Eis f\u00fcr Gro\u00df &amp; Klein nicht fehlen.\u2026\u00a0<a class=\"wp-block-latest-posts__read-more\" href=\"https:\/\/rv-geiger.at\/?p=949\" rel=\"noopener noreferrer\"><span class=\"screen-reader-text\">Kindernachmittag 2018 <\/span>weiterlesen<\/a><\/div><\/li>\n<li><a class=\"wp-block-latest-posts__post-title\" href=\"https:\/\/rv-geiger.at\/?p=941\">Sommerreitwoche 2018<\/a><div class=\"wp-block-latest-posts__post-excerpt\">9. bis 13. Juli 2018 Spielen, Malen, Basteln, Pferdekunde und nat\u00fcrlich REITEN waren die wichtigsten Programmpunkte des ersten Kinderreitkurses beim RV Geiger. Insgesamt 11 Kinder hatten jede Menge Spa\u00df beim Pferde bemalen, waschen und verw\u00f6hnen \u2013 unsere Schulpferde wurden von den Kindern bestens versorgt! Dabei wurde auch die Theorie zum Thema Pferd nicht vernachl\u00e4ssigt, Sattel-\u2026\u00a0<a class=\"wp-block-latest-posts__read-more\" href=\"https:\/\/rv-geiger.at\/?p=941\" rel=\"noopener noreferrer\"><span class=\"screen-reader-text\">Sommerreitwoche 2018 <\/span>weiterlesen<\/a><\/div><\/li>\n<li><a class=\"wp-block-latest-posts__post-title\" href=\"https:\/\/rv-geiger.at\/?p=935\">Pr\u00fcfungen Mai 2018<\/a><div class=\"wp-block-latest-posts__post-excerpt\">Reiterpass\/Reiternadel\/Lizenzpr\u00fcfung Am 1. Mai 2018 fand auf unserer Reitanlage die Pr\u00fcfung zu Reiterpass, Reiternadel und Lizenz R1\/RD1 statt. Insgesamt 19 TeilnehmerInnen von Jung bis \u201cJung geblieben\u201d pr\u00e4sentierten ihr K\u00f6nnen in Dressur und Springen bzw. wurden von den beiden Richterinnen Fr. Wallner und Fr. Seipel auch zum theoretischen Wissen rund um Pferdekunde und Turnierwesen abgefragt. Wir\u2026\u00a0<a class=\"wp-block-latest-posts__read-more\" href=\"https:\/\/rv-geiger.at\/?p=935\" rel=\"noopener noreferrer\"><span class=\"screen-reader-text\">Pr\u00fcfungen Mai 2018 <\/span>weiterlesen<\/a><\/div><\/li>\n<li><a class=\"wp-block-latest-posts__post-title\" href=\"https:\/\/rv-geiger.at\/?p=932\">Pferd, Spa\u00df &#038; Spiel 2018<\/a><div class=\"wp-block-latest-posts__post-excerpt\">Schnupperstunde \u2013 Pferd, Spa\u00df &amp; Spiel am 5. Februar 2018 Am Montag den 5. Februar 2018 fand zum ersten mal eine Schnupperstunde zur P\u00e4dagogischen Betreuung f\u00fcr Kinder im Alter von 3-6 Jahren rund ums Pferd auf unserer Anlage statt. Mit Begeisterung wurde geritten, voltigiert und Ponys geputzt. Hier ein paar Schnappsch\u00fcsse\u2026 Neugierig geworden? Weitere Infos\u2026\u00a0<a class=\"wp-block-latest-posts__read-more\" href=\"https:\/\/rv-geiger.at\/?p=932\" rel=\"noopener noreferrer\"><span class=\"screen-reader-text\">Pferd, Spa\u00df &#038; Spiel 2018 <\/span>weiterlesen<\/a><\/div><\/li>\n<li><a class=\"wp-block-latest-posts__post-title\" href=\"https:\/\/rv-geiger.at\/?p=921\">Friedenslicht-Ritt 2017<\/a><div class=\"wp-block-latest-posts__post-excerpt\">Friedenslicht-Ritt am 24. Dezember 2017 Mit insgesamt 10 Pferd-Reiter-Paaren machten wir uns auch heuer wieder auf den Weg und brachten erstmals das Friedenslicht ins Hilde Umdasch Haus \u2013 Malteser Kinderhilfe. Wir waren sehr ger\u00fchrt vom freudigen Empfang der Kinder und \u00fcberbrachten gemeinsam mit dem Friedenslicht aus Betlehem unsere Weihnachtsw\u00fcnsche. Unser Weg f\u00fchrte weiter zur Kirche\u2026\u00a0<a class=\"wp-block-latest-posts__read-more\" href=\"https:\/\/rv-geiger.at\/?p=921\" rel=\"noopener noreferrer\"><span class=\"screen-reader-text\">Friedenslicht-Ritt 2017 <\/span>weiterlesen<\/a><\/div><\/li>\n<li><a class=\"wp-block-latest-posts__post-title\" href=\"https:\/\/rv-geiger.at\/?p=916\">Adventmarkt 2017<\/a><div class=\"wp-block-latest-posts__post-excerpt\">Dezember in Allersdorf Auch heuer fand der Allersdorfer Adventmarkt am Vorplatz und in der Reithalle des Reitverein Geiger statt. Zahlreiche Standerl pr\u00e4sentierten ihr Kunsthandwerk, Leib &amp; Seele wurde mit K\u00f6stlichkeiten verw\u00f6hnt und f\u00fcr die Kinder war wieder einmal das Ponyreiten, die Kutschenfahrten und der Nikolaus ein H\u00f6hepunkt. Pferde- und Adventkranzsegnung durfte nicht fehlen und am\u2026\u00a0<a class=\"wp-block-latest-posts__read-more\" href=\"https:\/\/rv-geiger.at\/?p=916\" rel=\"noopener noreferrer\"><span class=\"screen-reader-text\">Adventmarkt 2017 <\/span>weiterlesen<\/a><\/div><\/li>\n<li><a class=\"wp-block-latest-posts__post-title\" href=\"https:\/\/rv-geiger.at\/?p=912\">Herbstausritt 2017<\/a><div class=\"wp-block-latest-posts__post-excerpt\">Was gibt es sch\u00f6neres als Hoch zu Ross die Landschaft zu erkunden? Unsere Einsteller genie\u00dfen diesen traumhaften Herbst mit tollen Ausritten! &#8230; mehr Fotos<\/div><\/li>\n<li><a class=\"wp-block-latest-posts__post-title\" href=\"https:\/\/rv-geiger.at\/?p=906\">Sommerreitwoche August 2017<\/a><div class=\"wp-block-latest-posts__post-excerpt\">Von 7. bis 11. August 2017 fand im Reitverein Geiger der zweite Sommerreitkurs statt!Im Kurs wurde den Kindern der Umgang mit den Pferden erkl\u00e4rt und alles \u00fcber Pferdepflege in Theorie und Praxis n\u00e4hergebracht. Nat\u00fcrlich war auch genug Zeit um kreativ t\u00e4tig zu sein wie beim Pferde bemalen und bei diversen Pferdespielen in der Longierhalle. Jedoch\u2026\u00a0<a class=\"wp-block-latest-posts__read-more\" href=\"https:\/\/rv-geiger.at\/?p=906\" rel=\"noopener noreferrer\"><span class=\"screen-reader-text\">Sommerreitwoche August 2017 <\/span>weiterlesen<\/a><\/div><\/li>\n<li><a class=\"wp-block-latest-posts__post-title\" href=\"https:\/\/rv-geiger.at\/?p=844\">Gemeinde Kindernachmittag<\/a><div class=\"wp-block-latest-posts__post-excerpt\">Am 3. August 2017 wurde \u00fcber die Stadtgemeinde Amstetten ein Kindernachmittag im Reitverein Geiger veranstaltet.Die Kinder durften alles rund um das Pferd erfahren! Das Highlight f\u00fcr unsere jungen Besucher war nat\u00fcrlich das Reiten, daf\u00fcr nahmen wir uns ausgiebig Zeit!Es war ein toller Nachmittag mit viel Spa\u00df! \u2026hier ein paar Eindr\u00fccke &gt; Fotos<\/div><\/li>\n<\/ul>","protected":false},"excerpt":{"rendered":"","protected":false},"author":1,"featured_media":0,"parent":0,"menu_order":0,"comment_status":"closed","ping_status":"closed","template":"","meta":{"footnotes":""},"class_list":["post-38","page","type-page","status-publish","hentry"],"_links":{"self":[{"href":"https:\/\/rv-geiger.at\/index.php?rest_route=\/wp\/v2\/pages\/38","targetHints":{"allow":["GET"]}}],"collection":[{"href":"https:\/\/rv-geiger.at\/index.php?rest_route=\/wp\/v2\/pages"}],"about":[{"href":"https:\/\/rv-geiger.at\/index.php?rest_route=\/wp\/v2\/types\/page"}],"author":[{"embeddable":true,"href":"https:\/\/rv-geiger.at\/index.php?rest_route=\/wp\/v2\/users\/1"}],"replies":[{"embeddable":true,"href":"https:\/\/rv-geiger.at\/index.php?rest_route=%2Fwp%2Fv2%2Fcomments&post=38"}],"version-history":[{"count":8,"href":"https:\/\/rv-geiger.at\/index.php?rest_route=\/wp\/v2\/pages\/38\/revisions"}],"predecessor-version":[{"id":991,"href":"https:\/\/rv-geiger.at\/index.php?rest_route=\/wp\/v2\/pages\/38\/revisions\/991"}],"wp:attachment":[{"href":"https:\/\/rv-geiger.at\/index.php?rest_route=%2Fwp%2Fv2%2Fmedia&parent=38"}],"curies":[{"name":"wp","href":"https:\/\/api.w.org\/{rel}","templated":true}]}}